{"id":12382,"date":"2017-03-15T19:05:03","date_gmt":"2017-03-15T19:05:03","guid":{"rendered":"http:\/\/www.mkg.li\/new\/?page_id=12382"},"modified":"2020-05-27T18:52:58","modified_gmt":"2020-05-27T16:52:58","slug":"musiklager","status":"publish","type":"page","link":"https:\/\/www.mkg.li\/?page_id=12382","title":{"rendered":"Musiklager"},"content":{"rendered":"<div class=\"fusion-fullwidth fullwidth-box fusion-builder-row-1 nonhundred-percent-fullwidth non-hundred-percent-height-scrolling\" style=\"--awb-border-radius-top-left:0px;--awb-border-radius-top-right:0px;--awb-border-radius-bottom-right:0px;--awb-border-radius-bottom-left:0px;--awb-flex-wrap:wrap;\" ><div class=\"fusion-builder-row fusion-row\"><div class=\"fusion-layout-column fusion_builder_column fusion-builder-column-0 fusion_builder_column_1_1 1_1 fusion-one-full fusion-column-first fusion-column-last\" style=\"--awb-bg-size:cover;\"><div class=\"fusion-column-wrapper fusion-flex-column-wrapper-legacy\"><div class=\"fusion-title title fusion-title-1 fusion-title-center fusion-title-text fusion-title-size-one\"><div class=\"title-sep-container title-sep-container-left\"><div class=\"title-sep sep-single sep-solid\" style=\"border-color:#e0dede;\"><\/div><\/div><span class=\"awb-title-spacer\"><\/span><h1 class=\"fusion-title-heading title-heading-center fusion-responsive-typography-calculated\" style=\"margin:0;--fontSize:33;line-height:1.45;\">Musiklager<\/h1><span class=\"awb-title-spacer\"><\/span><div class=\"title-sep-container title-sep-container-right\"><div class=\"title-sep sep-single sep-solid\" style=\"border-color:#e0dede;\"><\/div><\/div><\/div><div class=\"fusion-text fusion-text-1\"><p style=\"text-align: center;\">Seit \u00fcber 30 Jahren organisiert die Jugendmusik Gamprin f\u00fcr die Musiksch\u00fcler aus Gamprin jeweils in der ersten Sommerferienwoche ein Musiklager. Unter der musikalischen Leitung von Musiklehrer und Jugendmusikdirigent Gaston Oehri werden die Kinder und Jugendlichen w\u00e4hrend einer Woche intensiv musikalisch gef\u00f6rdert und erzielen dabei grosse Fortschritte. Das zeigt sich jeweils beim Abschlusskonzert in Gamprin. Im Vordergrund steht nat\u00fcrlich das Musizieren in der Gruppe, das f\u00fcr die musikalische Ausbildung eine wichtige Erg\u00e4nzung zum eigenst\u00e4ndigen \u00dcben darstellt.<\/p>\n<p style=\"text-align: center;\">Im Musiklager wird aber nicht nur musiziert. Unsere Lagerleiter bereiten jeweils ein abwechslungsreiches Rahmenprogramm vor und sorgen damit f\u00fcr Unterhaltung und f\u00fcr Bewegung im Lagerleben von uns Musikanten.<\/p>\n<p style=\"text-align: center;\">M\u00f6chtest auch du mit ins Musiklager kommen? Mit ein bisschen \u00dcben k\u00f6nnen Kinder und Jugendliche aus Gamprin-Bendern schon nach ein bis zwei Jahren Musikunterricht mit ins Musiklager fahren. Hast du Interesse? Dann hinterlasse uns eine <a href=\"http:\/\/www.mkg.li\/new\/?page_id=12214\">Nachricht<\/a>&nbsp;oder schicke eine E-Mail an <a href=\"mailto:jugend@mkg.li?Subject=Musiklager\">jugend@mkg.li<\/a>.<\/p>\n<\/div><div class=\"fusion-image-element fusion-image-align-center in-legacy-container\" style=\"text-align:center;--awb-caption-title-font-family:var(--h2_typography-font-family);--awb-caption-title-font-weight:var(--h2_typography-font-weight);--awb-caption-title-font-style:var(--h2_typography-font-style);--awb-caption-title-size:var(--h2_typography-font-size);--awb-caption-title-transform:var(--h2_typography-text-transform);--awb-caption-title-line-height:var(--h2_typography-line-height);--awb-caption-title-letter-spacing:var(--h2_typography-letter-spacing);\"><div class=\"imageframe-align-center\"><span class=\" fusion-imageframe imageframe-none imageframe-1 hover-type-none\"><img decoding=\"async\" width=\"800\" height=\"600\" title=\"2019 Musiklager\" src=\"http:\/\/www.mkg.li\/wp-content\/uploads\/2020\/05\/2019-Musiklager-800x600.jpg\" alt class=\"img-responsive wp-image-13844\" srcset=\"https:\/\/www.mkg.li\/wp-content\/uploads\/2020\/05\/2019-Musiklager-200x150.jpg 200w, https:\/\/www.mkg.li\/wp-content\/uploads\/2020\/05\/2019-Musiklager-400x300.jpg 400w, https:\/\/www.mkg.li\/wp-content\/uploads\/2020\/05\/2019-Musiklager-600x450.jpg 600w, https:\/\/www.mkg.li\/wp-content\/uploads\/2020\/05\/2019-Musiklager-800x600.jpg 800w, https:\/\/www.mkg.li\/wp-content\/uploads\/2020\/05\/2019-Musiklager-1200x900.jpg 1200w, https:\/\/www.mkg.li\/wp-content\/uploads\/2020\/05\/2019-Musiklager.jpg 4896w\" sizes=\"(max-width: 800px) 100vw, 1200px\" \/><\/span><\/div><\/div><div class=\"fusion-clearfix\"><\/div><\/div><\/div><\/div><\/div>\n","protected":false},"excerpt":{"rendered":"","protected":false},"author":1,"featured_media":0,"parent":11988,"menu_order":0,"comment_status":"closed","ping_status":"closed","template":"","meta":{"ngg_post_thumbnail":0,"footnotes":""},"class_list":["post-12382","page","type-page","status-publish","hentry"],"_links":{"self":[{"href":"https:\/\/www.mkg.li\/index.php?rest_route=\/wp\/v2\/pages\/12382","targetHints":{"allow":["GET"]}}],"collection":[{"href":"https:\/\/www.mkg.li\/index.php?rest_route=\/wp\/v2\/pages"}],"about":[{"href":"https:\/\/www.mkg.li\/index.php?rest_route=\/wp\/v2\/types\/page"}],"author":[{"embeddable":true,"href":"https:\/\/www.mkg.li\/index.php?rest_route=\/wp\/v2\/users\/1"}],"replies":[{"embeddable":true,"href":"https:\/\/www.mkg.li\/index.php?rest_route=%2Fwp%2Fv2%2Fcomments&post=12382"}],"version-history":[{"count":8,"href":"https:\/\/www.mkg.li\/index.php?rest_route=\/wp\/v2\/pages\/12382\/revisions"}],"predecessor-version":[{"id":13845,"href":"https:\/\/www.mkg.li\/index.php?rest_route=\/wp\/v2\/pages\/12382\/revisions\/13845"}],"up":[{"embeddable":true,"href":"https:\/\/www.mkg.li\/index.php?rest_route=\/wp\/v2\/pages\/11988"}],"wp:attachment":[{"href":"https:\/\/www.mkg.li\/index.php?rest_route=%2Fwp%2Fv2%2Fmedia&parent=12382"}],"curies":[{"name":"wp","href":"https:\/\/api.w.org\/{rel}","templated":true}]}}